{"id":3133,"date":"2020-04-25T16:59:28","date_gmt":"2020-04-25T14:59:28","guid":{"rendered":"https:\/\/playfulife.org\/associazione\/"},"modified":"2020-07-01T14:18:51","modified_gmt":"2020-07-01T12:18:51","slug":"associazione","status":"publish","type":"page","link":"https:\/\/playfulife.org\/it\/associazione\/","title":{"rendered":"Associazione"},"content":{"rendered":"\t\t<div data-elementor-type=\"wp-page\" data-elementor-id=\"3133\" class=\"elementor elementor-3133\">\n\t\t\t\t\t\t<section class=\"elementor-section elementor-top-section elementor-element elementor-element-b236551 elementor-section-height-min-height elementor-section-content-middle elementor-section-boxed elementor-section-height-default elementor-section-items-middle\" data-id=\"b236551\" data-element_type=\"section\" data-e-type=\"section\" data-settings=\"{&quot;background_background&quot;:&quot;classic&quot;}\">\n\t\t\t\t\t\t\t<div class=\"elementor-background-overlay\"><\/div>\n\t\t\t\t\t\t\t<div class=\"elementor-container elementor-column-gap-no\">\n\t\t\t\t\t<div class=\"elementor-column elementor-col-100 elementor-top-column elementor-element elementor-element-6fc3c71c\" data-id=\"6fc3c71c\" data-element_type=\"column\" data-e-type=\"column\" data-settings=\"{&quot;background_background&quot;:&quot;classic&quot;}\">\n\t\t\t<div class=\"elementor-widget-wrap elementor-element-populated\">\n\t\t\t\t\t<div class=\"elementor-background-overlay\"><\/div>\n\t\t\t\t\t\t<div class=\"elementor-element elementor-element-1505c81a elementor-widget elementor-widget-heading\" data-id=\"1505c81a\" data-element_type=\"widget\" data-e-type=\"widget\" data-widget_type=\"heading.default\">\n\t\t\t\t<div class=\"elementor-widget-container\">\n\t\t\t\t\t<h1 class=\"elementor-heading-title elementor-size-default\">Siamo un'associazione con una vasta gamma di talenti ed esperienze con abilit\u00e0 di ricerca nel gioco, arte, creativit\u00e0, yoga, comunicazione e vita.<\/h1>\t\t\t\t<\/div>\n\t\t\t\t<\/div>\n\t\t\t\t<section class=\"elementor-section elementor-inner-section elementor-element elementor-element-bb4cec5 elementor-section-full_width elementor-section-height-default elementor-section-height-default\" data-id=\"bb4cec5\" data-element_type=\"section\" data-e-type=\"section\">\n\t\t\t\t\t\t<div class=\"elementor-container elementor-column-gap-default\">\n\t\t\t\t\t<div class=\"elementor-column elementor-col-50 elementor-inner-column elementor-element elementor-element-2012e36d\" data-id=\"2012e36d\" data-element_type=\"column\" data-e-type=\"column\" data-settings=\"{&quot;background_background&quot;:&quot;classic&quot;}\">\n\t\t\t<div class=\"elementor-widget-wrap elementor-element-populated\">\n\t\t\t\t\t\t<div class=\"elementor-element elementor-element-ed85398 elementor-widget elementor-widget-text-editor\" data-id=\"ed85398\" data-element_type=\"widget\" data-e-type=\"widget\" data-widget_type=\"text-editor.default\">\n\t\t\t\t<div class=\"elementor-widget-container\">\n\t\t\t\t\t\t\t\t\t<ul id=\"yiv3571086657gmail-docs-internal-guid-e767c462-7fff-8900-7228-5daeef2edcb4\">\n<li dir=\"ltr\">\n<p dir=\"ltr\">Attivit\u00e0 Associazione \u201cPlayfulife\u201d<br clear=\"none\">&#8211; Portiamo la giocosit\u00e0 e la vitalit\u00e0 nel mondo &#8211;<\/p>\n<\/li>\n<\/ul>\n<ul>\n<li dir=\"ltr\">\n<p dir=\"ltr\">diffondere la cultura della giocosit\u00e0 e dei giochi <\/p>\n<\/li>\n<li dir=\"ltr\">\n<p dir=\"ltr\">la giocosit\u00e0 come un atteggiamento nei confronti della vita, indipendentemente dall&#8217;attivit\u00e0 che si svolge<\/p>\n<\/li>\n<li dir=\"ltr\">\n<p dir=\"ltr\">ricerche sull&#8217;impatto positivo del gioco e dell&#8217;atteggiamento giocoso nelle scuole, nel lavoro e nella vita<br clear=\"none\"><span style=\"font-size: 16px;\"><br \/><\/span><\/p>\n<\/li>\n<li dir=\"ltr\">\n<p dir=\"ltr\"><span style=\"font-size: 16px;\">diventare un punto di riferimento per la cultura del gioco e la coltivazione della giocosit\u00e0 in Italia<\/span><\/p>\n<\/li>\n<li dir=\"ltr\">\n<p dir=\"ltr\">organizzazione del festival \u201cGiocosamente\u201d che diventi un appuntamento nazionale e Europeo per far incontrare persone che credono nell&#8217;importanza del giocosit\u00e0 e buone pratiche di vita, condividendo l&#8217;allegria con le persone del luogo<\/p>\n<\/li>\n<li dir=\"ltr\">\n<p dir=\"ltr\">creazione di comunit\u00e0 giocose e diffusione della cultura del gioco<\/p>\n<\/li>\n<li dir=\"ltr\">\n<p dir=\"ltr\">organizzazione di eventi per la promozione della cultura del gioco<\/p>\n<\/li>\n<li dir=\"ltr\">\n<p dir=\"ltr\">organizzazione di conferenze<br clear=\"none\"><br clear=\"none\"><\/p>\n<\/li>\n<li dir=\"ltr\">\n<p dir=\"ltr\">creazione di articoli, pubblicazione di ricerche, libri, traduzioni di libri in altre lingue, materiale didattico, interviste, documentari e video<\/p>\n<\/li>\n<li dir=\"ltr\">\n<p dir=\"ltr\">ricerche sull&#8217;analisi del beneficio del rischio, ad esempio i benefici di arrampicare su un albero, piuttosto che non farlo perch\u00e9 \u201c\u00e8 pericoloso\u201d.<br clear=\"none\"><br clear=\"none\"><\/p>\n<\/li>\n<li dir=\"ltr\">\n<p dir=\"ltr\">attivit\u00e0 ludiche per lo pi\u00f9 collaborative, dove l&#8217;enfasi \u00e8 data al partecipare e meno importanza al vincere e perdere ma perch\u00e9 il gioco stesso \u00e8 piu divertente\/appagante<br clear=\"none\"><br clear=\"none\"><\/p>\n<\/li>\n<li dir=\"ltr\">\n<p dir=\"ltr\">giochi di ogni tipo, da tavola, di legno, immaginativi, artistici, all&#8217;aperto e al chiuso, dando priorit\u00e0 ai giochi fisici di movimento e di gruppo<\/p>\n<\/li>\n<li dir=\"ltr\">\n<p dir=\"ltr\">studio e pratica dei giochi di una volta e anche delle nuove generazioni<br clear=\"none\"><br clear=\"none\"><\/p>\n<\/li>\n<li dir=\"ltr\">\n<p dir=\"ltr\">differenza tra ludus e paidia, e se un gioco non \u00e8 divertente avere la possibilit\u00e0 di cambiare le regole!<br clear=\"none\"><br clear=\"none\"><\/p>\n<\/li>\n<li dir=\"ltr\">\n<p dir=\"ltr\">ricerche sul cervello \u2013 MENTE GIOCOSA. Brain gym. Importanza del cervello destro e dell&#8217;equilibrio dei emisferi. Beneficio del gioco come riabilitazione e anti-vecchiaia<br clear=\"none\"><br clear=\"none\"><\/p>\n<\/li>\n<li dir=\"ltr\">\n<p dir=\"ltr\">attivit\u00e0 che ci fanno mettere in gioco insegnate con entusiasmo e spirito di incoraggiamento<\/p>\n<\/li>\n<li dir=\"ltr\">\n<p dir=\"ltr\">incoraggiare le persone ad imparare cose nuove<\/p>\n<\/li>\n<li dir=\"ltr\">\n<p dir=\"ltr\">organizzare scambi lavorativi \u201cgemellaggi, job rotation\u201d in Italia e all&#8217;estero<\/p>\n<\/li>\n<li dir=\"ltr\">\n<p dir=\"ltr\">attivit\u00e0 manuali e stage di antichi mestieri<br clear=\"none\"><br clear=\"none\"><\/p>\n<\/li>\n<\/ul>\n\t\t\t\t\t\t\t\t<\/div>\n\t\t\t\t<\/div>\n\t\t\t\t\t<\/div>\n\t\t<\/div>\n\t\t\t\t<div class=\"elementor-column elementor-col-50 elementor-inner-column elementor-element elementor-element-873a18f\" data-id=\"873a18f\" data-element_type=\"column\" data-e-type=\"column\" data-settings=\"{&quot;background_background&quot;:&quot;classic&quot;}\">\n\t\t\t<div class=\"elementor-widget-wrap elementor-element-populated\">\n\t\t\t\t\t\t<div class=\"elementor-element elementor-element-61ef6521 elementor-widget elementor-widget-text-editor\" data-id=\"61ef6521\" data-element_type=\"widget\" data-e-type=\"widget\" data-widget_type=\"text-editor.default\">\n\t\t\t\t<div class=\"elementor-widget-container\">\n\t\t\t\t\t\t\t\t\t<ul>\n<li><span style=\"vertical-align: inherit;\"><span style=\"vertical-align: inherit;\">diventare custode di semi di piante<\/span><\/span><\/li>\n<li><span style=\"vertical-align: inherit;\"><span style=\"vertical-align: inherit;\">creare una casa delle erbe<\/span><\/span><\/li>\n<li><span style=\"vertical-align: inherit;\"><span style=\"vertical-align: inherit;\">essere nella natura con pi\u00f9 rispetto, giocare insieme alla natura, trovare il nostro lato spontaneo e libero<\/span><\/span><\/li>\n<\/ul>\n<ul>\n<li dir=\"ltr\">\n<p dir=\"ltr\"><span style=\"vertical-align: inherit;\"><span style=\"vertical-align: inherit;\">ricerca e pratica nel campo della permacultura<\/span><\/span><br clear=\"none\"><br clear=\"none\"><\/p>\n<\/li>\n<li dir=\"ltr\">\n<p dir=\"ltr\"><span style=\"vertical-align: inherit;\"><span style=\"vertical-align: inherit;\">educazione ambientale<\/span><\/span><\/p>\n<\/li>\n<li dir=\"ltr\">\n<p dir=\"ltr\"><span style=\"vertical-align: inherit;\"><span style=\"vertical-align: inherit;\">istruzione di riparazione, riutilizzo, riciclaggio e riadattamento <\/span><\/span><\/p>\n<\/li>\n<li dir=\"ltr\">\n<p dir=\"ltr\"><span style=\"vertical-align: inherit;\"><span style=\"vertical-align: inherit;\">attivit\u00e0 all&#8217;aperto in natura per bambini e adulti<\/span><\/span><br clear=\"none\"><br clear=\"none\"><\/p>\n<\/li>\n<li dir=\"ltr\">\n<p dir=\"ltr\"><span style=\"vertical-align: inherit;\"><span style=\"vertical-align: inherit;\">creazione di parchi avventura educativi e rispettosi dell&#8217;ambiente<\/span><\/span><\/p>\n<\/li>\n<li dir=\"ltr\">\n<p dir=\"ltr\"><span style=\"vertical-align: inherit;\"><span style=\"vertical-align: inherit;\">costruzione di parchi giochi ecologici, anche come laboratorio di autocostruzione<\/span><\/span><br clear=\"none\"><br clear=\"none\"><\/p>\n<\/li>\n<li dir=\"ltr\">\n<p dir=\"ltr\"><span style=\"vertical-align: inherit;\"><span style=\"vertical-align: inherit;\">team building, training sull&#8217;agilit\u00e0, giochi per le aziende, l&#8217;importanza della collaborazione e della soddisfazione sul posto di lavoro<\/span><\/span><br clear=\"none\"><br clear=\"none\"><\/p>\n<\/li>\n<li dir=\"ltr\">\n<p dir=\"ltr\"><span style=\"vertical-align: inherit;\"><span style=\"vertical-align: inherit;\">studio e diffusione di buone pratiche per una vita felice<\/span><\/span><\/p>\n<\/li>\n<li dir=\"ltr\">\n<p dir=\"ltr\"><span style=\"vertical-align: inherit;\"><span style=\"vertical-align: inherit;\">attivit\u00e0 che ci rendono vitali e gioiosi<\/span><\/span><\/p>\n<\/li>\n<li dir=\"ltr\">\n<p dir=\"ltr\"><span style=\"vertical-align: inherit;\"><span style=\"vertical-align: inherit;\">progetti di pace, interni ed esterni<\/span><\/span><\/p>\n<\/li>\n<li dir=\"ltr\">\n<p dir=\"ltr\"><span style=\"vertical-align: inherit;\"><span style=\"vertical-align: inherit;\">yoga e discipline orientali di consapevolezza e naturalezza<\/span><\/span><\/p>\n<\/li>\n<li dir=\"ltr\">\n<p dir=\"ltr\"><span style=\"vertical-align: inherit;\"><span style=\"vertical-align: inherit;\">creare un ponte tra la consapevolezza dell&#8217;est e dell&#8217;ovest<\/span><\/span><\/p>\n<\/li>\n<li dir=\"ltr\">\n<p dir=\"ltr\"><span style=\"vertical-align: inherit;\"><span style=\"vertical-align: inherit;\">arte della comunicazione (empatica)<\/span><\/span><\/p>\n<\/li>\n<li dir=\"ltr\">\n<p dir=\"ltr\"><span style=\"vertical-align: inherit;\"><span style=\"vertical-align: inherit;\">arti espressive<\/span><\/span><\/p>\n<\/li>\n<li dir=\"ltr\">\n<p dir=\"ltr\"><span style=\"vertical-align: inherit;\"><span style=\"vertical-align: inherit;\">il potere della voce &#8211; il gioco incantato<\/span><\/span><\/p>\n<\/li>\n<li dir=\"ltr\">\n<p dir=\"ltr\"><span style=\"vertical-align: inherit;\"><span style=\"vertical-align: inherit;\">gioca con la musica<\/span><\/span><br clear=\"none\"><br clear=\"none\"><\/p>\n<\/li>\n<li dir=\"ltr\">\n<p dir=\"ltr\"><span style=\"vertical-align: inherit;\"><span style=\"vertical-align: inherit;\">arti circensi, laboratori per grandi e piccini<\/span><\/span><\/p>\n<\/li>\n<li dir=\"ltr\">\n<p dir=\"ltr\"><span style=\"vertical-align: inherit;\"><span style=\"vertical-align: inherit;\">produzione di spettacoli teatrali e di circo teatrale e teatrale partecipativo e arte di strada<\/span><\/span><br clear=\"none\"><br clear=\"none\"><\/p>\n<\/li>\n<li dir=\"ltr\">\n<p dir=\"ltr\"><span style=\"vertical-align: inherit;\"><span style=\"vertical-align: inherit;\">portare allegria nelle aree svantaggiate in Italia, Europa e nel mondo<\/span><\/span><\/p>\n<\/li>\n<li dir=\"ltr\">\n<p dir=\"ltr\"><span style=\"vertical-align: inherit;\"><span style=\"vertical-align: inherit;\">stringere relazioni internazionali<\/span><\/span><\/p>\n<\/li>\n<li dir=\"ltr\">\n<p dir=\"ltr\"><span style=\"vertical-align: inherit;\"><span style=\"vertical-align: inherit;\">scambi internazionali<\/span><\/span><br clear=\"none\"><br clear=\"none\"><\/p>\n<\/li>\n<li dir=\"ltr\">\n<p dir=\"ltr\"><span style=\"vertical-align: inherit;\"><span style=\"vertical-align: inherit;\">formazione degli insegnanti<\/span><\/span><\/p>\n<\/li>\n<li dir=\"ltr\">\n<p dir=\"ltr\"><span style=\"vertical-align: inherit;\"><span style=\"vertical-align: inherit;\">formazione per operatori di giochi<\/span><\/span><\/p>\n<\/li>\n<\/ul>\n\t\t\t\t\t\t\t\t<\/div>\n\t\t\t\t<\/div>\n\t\t\t\t\t<\/div>\n\t\t<\/div>\n\t\t\t\t\t<\/div>\n\t\t<\/section>\n\t\t\t\t\t<\/div>\n\t\t<\/div>\n\t\t\t\t\t<\/div>\n\t\t<\/section>\n\t\t\t\t<\/div>\n\t\t","protected":false},"excerpt":{"rendered":"<p>We are an association with a wide range of talent and experience with Play, Art, Creativity, Yoga, Communication and Life searching skills. Attivit\u00e0 Associazione \u201cPlayfulife\u201d&#8211; Portiamo la giocosit\u00e0 e la vitalit\u00e0 nel mondo &#8211; diffondere la cultura della giocosit\u00e0 e dei giochi la giocosit\u00e0 come un atteggiamento nei confronti della vita, indipendentemente dall&#8217;attivit\u00e0 che si [&hellip;]<\/p>\n","protected":false},"author":1,"featured_media":0,"parent":0,"menu_order":0,"comment_status":"closed","ping_status":"closed","template":"","meta":{"_acf_changed":false,"_monsterinsights_skip_tracking":false,"_monsterinsights_sitenote_active":false,"_monsterinsights_sitenote_note":"","_monsterinsights_sitenote_category":0,"ocean_post_layout":"full-screen","ocean_both_sidebars_style":"","ocean_both_sidebars_content_width":0,"ocean_both_sidebars_sidebars_width":0,"ocean_sidebar":"0","ocean_second_sidebar":"0","ocean_disable_margins":"enable","ocean_add_body_class":"","ocean_shortcode_before_top_bar":"","ocean_shortcode_after_top_bar":"","ocean_shortcode_before_header":"","ocean_shortcode_after_header":"","ocean_has_shortcode":"","ocean_shortcode_after_title":"","ocean_shortcode_before_footer_widgets":"","ocean_shortcode_after_footer_widgets":"","ocean_shortcode_before_footer_bottom":"","ocean_shortcode_after_footer_bottom":"","ocean_display_top_bar":"default","ocean_display_header":"default","ocean_header_style":"","ocean_center_header_left_menu":"0","ocean_custom_header_template":"0","ocean_custom_logo":0,"ocean_custom_retina_logo":0,"ocean_custom_logo_max_width":0,"ocean_custom_logo_tablet_max_width":0,"ocean_custom_logo_mobile_max_width":0,"ocean_custom_logo_max_height":0,"ocean_custom_logo_tablet_max_height":0,"ocean_custom_logo_mobile_max_height":0,"ocean_header_custom_menu":"0","ocean_menu_typo_font_family":"0","ocean_menu_typo_font_subset":"","ocean_menu_typo_font_size":0,"ocean_menu_typo_font_size_tablet":0,"ocean_menu_typo_font_size_mobile":0,"ocean_menu_typo_font_size_unit":"px","ocean_menu_typo_font_weight":"","ocean_menu_typo_font_weight_tablet":"","ocean_menu_typo_font_weight_mobile":"","ocean_menu_typo_transform":"","ocean_menu_typo_transform_tablet":"","ocean_menu_typo_transform_mobile":"","ocean_menu_typo_line_height":0,"ocean_menu_typo_line_height_tablet":0,"ocean_menu_typo_line_height_mobile":0,"ocean_menu_typo_line_height_unit":"","ocean_menu_typo_spacing":0,"ocean_menu_typo_spacing_tablet":0,"ocean_menu_typo_spacing_mobile":0,"ocean_menu_typo_spacing_unit":"","ocean_menu_link_color":"","ocean_menu_link_color_hover":"","ocean_menu_link_color_active":"","ocean_menu_link_background":"","ocean_menu_link_hover_background":"","ocean_menu_link_active_background":"","ocean_menu_social_links_bg":"","ocean_menu_social_hover_links_bg":"","ocean_menu_social_links_color":"","ocean_menu_social_hover_links_color":"","ocean_disable_title":"on","ocean_disable_heading":"default","ocean_post_title":"","ocean_post_subheading":"","ocean_post_title_style":"","ocean_post_title_background_color":"","ocean_post_title_background":0,"ocean_post_title_bg_image_position":"","ocean_post_title_bg_image_attachment":"","ocean_post_title_bg_image_repeat":"","ocean_post_title_bg_image_size":"","ocean_post_title_height":0,"ocean_post_title_bg_overlay":0.5,"ocean_post_title_bg_overlay_color":"","ocean_disable_breadcrumbs":"default","ocean_breadcrumbs_color":"","ocean_breadcrumbs_separator_color":"","ocean_breadcrumbs_links_color":"","ocean_breadcrumbs_links_hover_color":"","ocean_display_footer_widgets":"default","ocean_display_footer_bottom":"default","ocean_custom_footer_template":"0","footnotes":""},"class_list":["post-3133","page","type-page","status-publish","hentry","entry"],"acf":[],"yoast_head":"<!-- This site is optimized with the Yoast SEO plugin v27.1.1 - https:\/\/yoast.com\/product\/yoast-seo-wordpress\/ -->\n<title>Associazione - PlayfuLife<\/title>\n<meta name=\"robots\" content=\"index, follow, max-snippet:-1, max-image-preview:large, max-video-preview:-1\" \/>\n<link rel=\"canonical\" href=\"https:\/\/playfulife.org\/it\/associazione\/\" \/>\n<meta property=\"og:locale\" content=\"it_IT\" \/>\n<meta property=\"og:type\" content=\"article\" \/>\n<meta property=\"og:title\" content=\"Associazione - PlayfuLife\" \/>\n<meta property=\"og:description\" content=\"We are an association with a wide range of talent and experience with Play, Art, Creativity, Yoga, Communication and Life searching skills. Attivit\u00e0 Associazione \u201cPlayfulife\u201d&#8211; Portiamo la giocosit\u00e0 e la vitalit\u00e0 nel mondo &#8211; diffondere la cultura della giocosit\u00e0 e dei giochi la giocosit\u00e0 come un atteggiamento nei confronti della vita, indipendentemente dall&#8217;attivit\u00e0 che si [&hellip;]\" \/>\n<meta property=\"og:url\" content=\"https:\/\/playfulife.org\/it\/associazione\/\" \/>\n<meta property=\"og:site_name\" content=\"PlayfuLife\" \/>\n<meta property=\"article:publisher\" content=\"https:\/\/www.facebook.com\/playfuLife108\/\" \/>\n<meta property=\"article:modified_time\" content=\"2020-07-01T12:18:51+00:00\" \/>\n<meta name=\"twitter:card\" content=\"summary_large_image\" \/>\n<meta name=\"twitter:label1\" content=\"Tempo di lettura stimato\" \/>\n\t<meta name=\"twitter:data1\" content=\"3 minuti\" \/>\n<script type=\"application\/ld+json\" class=\"yoast-schema-graph\">{\"@context\":\"https:\/\/schema.org\",\"@graph\":[{\"@type\":\"WebPage\",\"@id\":\"https:\/\/playfulife.org\/it\/associazione\/\",\"url\":\"https:\/\/playfulife.org\/it\/associazione\/\",\"name\":\"Associazione - PlayfuLife\",\"isPartOf\":{\"@id\":\"https:\/\/playfulife.org\/#website\"},\"datePublished\":\"2020-04-25T14:59:28+00:00\",\"dateModified\":\"2020-07-01T12:18:51+00:00\",\"breadcrumb\":{\"@id\":\"https:\/\/playfulife.org\/it\/associazione\/#breadcrumb\"},\"inLanguage\":\"it-IT\",\"potentialAction\":[{\"@type\":\"ReadAction\",\"target\":[\"https:\/\/playfulife.org\/it\/associazione\/\"]}]},{\"@type\":\"BreadcrumbList\",\"@id\":\"https:\/\/playfulife.org\/it\/associazione\/#breadcrumb\",\"itemListElement\":[{\"@type\":\"ListItem\",\"position\":1,\"name\":\"Home\",\"item\":\"https:\/\/playfulife.org\/it\/\"},{\"@type\":\"ListItem\",\"position\":2,\"name\":\"Associazione\"}]},{\"@type\":\"WebSite\",\"@id\":\"https:\/\/playfulife.org\/#website\",\"url\":\"https:\/\/playfulife.org\/\",\"name\":\"PlayfuLife\",\"description\":\"Raising the quality of our lives through a Playful Mindset\",\"potentialAction\":[{\"@type\":\"SearchAction\",\"target\":{\"@type\":\"EntryPoint\",\"urlTemplate\":\"https:\/\/playfulife.org\/?s={search_term_string}\"},\"query-input\":{\"@type\":\"PropertyValueSpecification\",\"valueRequired\":true,\"valueName\":\"search_term_string\"}}],\"inLanguage\":\"it-IT\"}]}<\/script>\n<!-- \/ Yoast SEO plugin. -->","yoast_head_json":{"title":"Associazione - PlayfuLife","robots":{"index":"index","follow":"follow","max-snippet":"max-snippet:-1","max-image-preview":"max-image-preview:large","max-video-preview":"max-video-preview:-1"},"canonical":"https:\/\/playfulife.org\/it\/associazione\/","og_locale":"it_IT","og_type":"article","og_title":"Associazione - PlayfuLife","og_description":"We are an association with a wide range of talent and experience with Play, Art, Creativity, Yoga, Communication and Life searching skills. Attivit\u00e0 Associazione \u201cPlayfulife\u201d&#8211; Portiamo la giocosit\u00e0 e la vitalit\u00e0 nel mondo &#8211; diffondere la cultura della giocosit\u00e0 e dei giochi la giocosit\u00e0 come un atteggiamento nei confronti della vita, indipendentemente dall&#8217;attivit\u00e0 che si [&hellip;]","og_url":"https:\/\/playfulife.org\/it\/associazione\/","og_site_name":"PlayfuLife","article_publisher":"https:\/\/www.facebook.com\/playfuLife108\/","article_modified_time":"2020-07-01T12:18:51+00:00","twitter_card":"summary_large_image","twitter_misc":{"Tempo di lettura stimato":"3 minuti"},"schema":{"@context":"https:\/\/schema.org","@graph":[{"@type":"WebPage","@id":"https:\/\/playfulife.org\/it\/associazione\/","url":"https:\/\/playfulife.org\/it\/associazione\/","name":"Associazione - PlayfuLife","isPartOf":{"@id":"https:\/\/playfulife.org\/#website"},"datePublished":"2020-04-25T14:59:28+00:00","dateModified":"2020-07-01T12:18:51+00:00","breadcrumb":{"@id":"https:\/\/playfulife.org\/it\/associazione\/#breadcrumb"},"inLanguage":"it-IT","potentialAction":[{"@type":"ReadAction","target":["https:\/\/playfulife.org\/it\/associazione\/"]}]},{"@type":"BreadcrumbList","@id":"https:\/\/playfulife.org\/it\/associazione\/#breadcrumb","itemListElement":[{"@type":"ListItem","position":1,"name":"Home","item":"https:\/\/playfulife.org\/it\/"},{"@type":"ListItem","position":2,"name":"Associazione"}]},{"@type":"WebSite","@id":"https:\/\/playfulife.org\/#website","url":"https:\/\/playfulife.org\/","name":"PlayfuLife","description":"Raising the quality of our lives through a Playful Mindset","potentialAction":[{"@type":"SearchAction","target":{"@type":"EntryPoint","urlTemplate":"https:\/\/playfulife.org\/?s={search_term_string}"},"query-input":{"@type":"PropertyValueSpecification","valueRequired":true,"valueName":"search_term_string"}}],"inLanguage":"it-IT"}]}},"_links":{"self":[{"href":"https:\/\/playfulife.org\/it\/wp-json\/wp\/v2\/pages\/3133","targetHints":{"allow":["GET"]}}],"collection":[{"href":"https:\/\/playfulife.org\/it\/wp-json\/wp\/v2\/pages"}],"about":[{"href":"https:\/\/playfulife.org\/it\/wp-json\/wp\/v2\/types\/page"}],"author":[{"embeddable":true,"href":"https:\/\/playfulife.org\/it\/wp-json\/wp\/v2\/users\/1"}],"replies":[{"embeddable":true,"href":"https:\/\/playfulife.org\/it\/wp-json\/wp\/v2\/comments?post=3133"}],"version-history":[{"count":3,"href":"https:\/\/playfulife.org\/it\/wp-json\/wp\/v2\/pages\/3133\/revisions"}],"predecessor-version":[{"id":3258,"href":"https:\/\/playfulife.org\/it\/wp-json\/wp\/v2\/pages\/3133\/revisions\/3258"}],"wp:attachment":[{"href":"https:\/\/playfulife.org\/it\/wp-json\/wp\/v2\/media?parent=3133"}],"curies":[{"name":"wp","href":"https:\/\/api.w.org\/{rel}","templated":true}]}}